{"id":4362,"date":"2025-11-10T14:18:07","date_gmt":"2025-11-10T13:18:07","guid":{"rendered":"https:\/\/h07.de\/4web\/?page_id=4362"},"modified":"2026-03-10T13:11:50","modified_gmt":"2026-03-10T12:11:50","slug":"control-systems","status":"publish","type":"page","link":"https:\/\/www.4web-automation.de\/index.php\/control-systems\/","title":{"rendered":"Control-Systems"},"content":{"rendered":"\t\t<div data-elementor-type=\"wp-page\" data-elementor-id=\"4362\" class=\"elementor elementor-4362\">\n\t\t\t\t<div class=\"elementor-element elementor-element-1517e634 e-flex e-con-boxed e-con e-parent\" data-id=\"1517e634\" data-element_type=\"container\" data-e-type=\"container\">\n\t\t\t\t\t<div class=\"e-con-inner\">\n\t\t<div class=\"elementor-element elementor-element-7a087dd1 e-con-full e-flex e-con e-child\" data-id=\"7a087dd1\" data-element_type=\"container\" data-e-type=\"container\">\n\t\t<div class=\"elementor-element elementor-element-7a40ca7e e-con-full e-flex e-con e-child\" data-id=\"7a40ca7e\" data-element_type=\"container\" data-e-type=\"container\" data-settings=\"{&quot;background_background&quot;:&quot;classic&quot;}\">\n\t\t\t\t<\/div>\n\t\t<div class=\"elementor-element elementor-element-56a2a3ff e-con-full e-flex e-con e-child\" data-id=\"56a2a3ff\" data-element_type=\"container\" data-e-type=\"container\">\n\t\t\t\t<div class=\"elementor-element elementor-element-509a5ccc elementor-widget elementor-widget-heading\" data-id=\"509a5ccc\" data-element_type=\"widget\" data-e-type=\"widget\" data-widget_type=\"heading.default\">\n\t\t\t\t<div class=\"elementor-widget-container\">\n\t\t\t\t\t<h2 class=\"elementor-heading-title elementor-size-default\">Wie anpassungsf\u00e4hig ist das denn!\n<\/h2>\t\t\t\t<\/div>\n\t\t\t\t<\/div>\n\t\t\t\t<div class=\"elementor-element elementor-element-49a09c45 elementor-widget elementor-widget-text-editor\" data-id=\"49a09c45\" data-element_type=\"widget\" data-e-type=\"widget\" data-widget_type=\"text-editor.default\">\n\t\t\t\t<div class=\"elementor-widget-container\">\n\t\t\t\t\t\t\t\t\t<p>Mit der Produktfamilie\u00a0<strong>4CONTROL applications<\/strong>\u00a0bietet 4WEB skalierbare und zuverl\u00e4ssige Control-Systeme in Industriequalit\u00e4t, die durch hohe Flexibilit\u00e4t \u00fcberzeugen.\u00a0Die Serie umfasst leistungsstarke Control-Panels und ControlPLCs, die besonders durch ihre vielseitige Konfigurierbarkeit \u00fcberzeugen und sich f\u00fcr den Einsatz in zahlreichen Branchen eignen.<\/p><p>Individuelle Anpassungen und Erweiterungen lassen sich schnell und effizient umsetzen. So vereint 4WEB maximale Performance, Flexibilit\u00e4t und Anwenderfreundlichkeit in einem kompakten System.<\/p>\t\t\t\t\t\t\t\t<\/div>\n\t\t\t\t<\/div>\n\t\t\t\t<\/div>\n\t\t\t\t<\/div>\n\t\t\t\t\t<\/div>\n\t\t\t\t<\/div>\n\t\t<div class=\"elementor-element elementor-element-14007a29 e-flex e-con-boxed e-con e-parent\" data-id=\"14007a29\" data-element_type=\"container\" data-e-type=\"container\">\n\t\t\t\t\t<div class=\"e-con-inner\">\n\t\t\t\t<div class=\"elementor-element elementor-element-35f0d9db elementor-widget elementor-widget-heading\" data-id=\"35f0d9db\" data-element_type=\"widget\" data-e-type=\"widget\" data-widget_type=\"heading.default\">\n\t\t\t\t<div class=\"elementor-widget-container\">\n\t\t\t\t\t<h2 class=\"elementor-heading-title elementor-size-default\">Control-System-L\u00f6sungen von 4WEB \u2013 performant und kundenindividuell einsetzbar.<\/h2>\t\t\t\t<\/div>\n\t\t\t\t<\/div>\n\t\t\t\t<div class=\"elementor-element elementor-element-1c9df574 elementor-widget elementor-widget-text-editor\" data-id=\"1c9df574\" data-element_type=\"widget\" data-e-type=\"widget\" data-widget_type=\"text-editor.default\">\n\t\t\t\t<div class=\"elementor-widget-container\">\n\t\t\t\t\t\t\t\t\t<p>Die Control-Systems von 4WEB umfassen sowohl Control-Panels als auch ControlPLCs in verschiedenen Modellvarianten. Die Produktfamilie wurde speziell f\u00fcr den leistungsstarken Einsatz in industriellen Umgebungen entwickelt. Sie vereint flexible Konfigurierbarkeit \u2013 in Hard- und Software \u2013 mit hoher Energieeffizienz und modernster Technologie. Damit eignen sich die Produkte dieser Serie ideal f\u00fcr Anwendungen in der Industrie, der Geb\u00e4udeautomation, im Handel sowie in vielen weiteren Bereichen.<\/p><p>\u00a0<\/p><p><strong>Control-Panels \u2013 kompakt, innovativ und flexibel<br \/><\/strong>Die Control-Panels sind mit modernen ARM\u00ae Cortex\u00ae Prozessoren ausgestattet. Das kapazitive Multitouch-Display und das elegante, zeitgem\u00e4\u00dfe Design unterstreichen den hohen Qualit\u00e4tsanspruch der Produktfamilie.<br \/>Erh\u00e4ltlich in den Displaygr\u00f6\u00dfen 4,3\u201c und 7\u201c, k\u00f6nnen die Ger\u00e4te sowohl im Landscape- als auch im Portraitmodus betrieben werden. Dank ihrer kompakten Bauform lassen sie sich einfach in Schaltschr\u00e4nke oder Schalttafeln integrieren.<\/p><p>Die Control-Panels sind mit dem Betriebssystem RT Linux vorinstalliert \u2013 ein klarer Vorteil f\u00fcr Anwender, die eigene Erweiterungen oder individuelle Anpassungen vornehmen m\u00f6chten.<br \/>Zahlreiche Schnittstellen wie Ethernet oder USB bieten vielf\u00e4ltige Anschlussm\u00f6glichkeiten.<\/p><p>Der integrierte Wechselspeicher erm\u00f6glicht einen schnellen Ger\u00e4teaustausch durch einfaches Tauschen der SD-Karte. Auch die Inbetriebnahme gestaltet sich \u00e4u\u00dferst unkompliziert, da das System-Image direkt kopiert werden kann.<\/p><p>Dar\u00fcber hinaus \u00fcberzeugt die Serie durch ihre einfache Programmierbarkeit mit CODESYS V3.5.x, inklusive Target- und Web-Visualisierung. So vereint 4WEB-Automation eine vollwertige Steuerung mit einem modernen Multitouch-Panel in einem kompakten System.<\/p><p>\u00a0<\/p><p>\u00a0<\/p><p><strong>Control-PLCs \u2013 leistungsstark, flexibel und offen<br \/><\/strong>Die Control-PLCs von 4WEB sind ebenfalls mit einem leistungsstarken ARM\u00ae Cortex\u00ae Prozessor ausgestattet und verf\u00fcgen \u00fcber das vorinstallierte Echtzeitbetriebssystem Linux RT. Auch hier profitieren Anwender von der Offenheit und Erweiterbarkeit des Systems.<\/p><p>Dank zwei Ethernet-Ports l\u00e4sst sich eine Linienverkabelung ohne zus\u00e4tzliche Netzwerkperipherie einfach, platzsparend und kosteneffizient realisieren. Wie bei den Control-Panels sorgt der Wechselspeicher auch hier f\u00fcr einen schnellen Ger\u00e4teaustausch und eine einfache Inbetriebnahme \u00fcber SD-Karte.<\/p><p>Weitere Highlights sind zwei separate IP-Adressen zur Trennung von Maschinen-LAN und Shopfloor-LAN sowie die integrierte CODESYS PLC, die verschiedene industrielle Ethernet-Protokolle unterst\u00fctzt \u2013 darunter EtherNet\/IP, EtherCAT Master, PROFINET Device und Powerlink.<\/p><p>Die Control-PLCs sind mit zahlreichen Optionen erh\u00e4ltlich, z. B. WLAN, konfigurierbarem Arbeitsspeicher und I\/Os. Auf Anfrage sind auch kundenspezifische OEM-L\u00f6sungen verf\u00fcgbar.<\/p><p>Die innovativen Technologien und umfangreichen Standard-Features schaffen eine leistungsf\u00e4hige und skalierbare Plattform, die 4WEB-Kunden einen klaren Wettbewerbsvorteil bietet.<br \/>Insgesamt bieten die 4WEB Control-Systems eine perfekt abgestimmte Kombination aus Performance, Flexibilit\u00e4t, Innovation und Langlebigkeit \u2013 ideal f\u00fcr die Anforderungen moderner industrieller Anwendungen.<\/p>\t\t\t\t\t\t\t\t<\/div>\n\t\t\t\t<\/div>\n\t\t\t\t\t<\/div>\n\t\t\t\t<\/div>\n\t\t<div class=\"elementor-element elementor-element-385c51f e-flex e-con-boxed e-con e-parent\" data-id=\"385c51f\" data-element_type=\"container\" data-e-type=\"container\">\n\t\t\t\t\t<div class=\"e-con-inner\">\n\t\t<div class=\"elementor-element elementor-element-d42cfea e-con-full e-flex e-con e-child\" data-id=\"d42cfea\" data-element_type=\"container\" data-e-type=\"container\" data-settings=\"{&quot;background_background&quot;:&quot;classic&quot;}\">\n\t\t<div class=\"elementor-element elementor-element-5f6eb2fc e-con-full e-flex e-con e-child\" data-id=\"5f6eb2fc\" data-element_type=\"container\" data-e-type=\"container\">\n\t\t\t\t<div class=\"elementor-element elementor-element-35d53545 elementor-widget elementor-widget-image\" data-id=\"35d53545\" data-element_type=\"widget\" data-e-type=\"widget\" data-widget_type=\"image.default\">\n\t\t\t\t<div class=\"elementor-widget-container\">\n\t\t\t\t\t\t\t\t\t\t\t\t\t\t\t<img fetchpriority=\"high\" decoding=\"async\" width=\"708\" height=\"710\" src=\"https:\/\/www.4web-automation.de\/wp-content\/uploads\/Produktfamilie_Control_Systems.jpg\" class=\"attachment-large size-large wp-image-4557\" alt=\"\" srcset=\"https:\/\/www.4web-automation.de\/wp-content\/uploads\/Produktfamilie_Control_Systems.jpg 708w, https:\/\/www.4web-automation.de\/wp-content\/uploads\/Produktfamilie_Control_Systems-300x300.jpg 300w, https:\/\/www.4web-automation.de\/wp-content\/uploads\/Produktfamilie_Control_Systems-150x150.jpg 150w\" sizes=\"(max-width: 708px) 100vw, 708px\" \/>\t\t\t\t\t\t\t\t\t\t\t\t\t\t\t<\/div>\n\t\t\t\t<\/div>\n\t\t\t\t<\/div>\n\t\t<div class=\"elementor-element elementor-element-4951bbd5 e-con-full e-flex e-con e-child\" data-id=\"4951bbd5\" data-element_type=\"container\" data-e-type=\"container\">\n\t\t\t\t<div class=\"elementor-element elementor-element-2d013a12 elementor-widget__width-initial elementor-widget elementor-widget-text-editor\" data-id=\"2d013a12\" data-element_type=\"widget\" data-e-type=\"widget\" data-widget_type=\"text-editor.default\">\n\t\t\t\t<div class=\"elementor-widget-container\">\n\t\t\t\t\t\t\t\t\t<p><strong>Ihre Vorteile mit 4WEB <\/strong><\/p>\t\t\t\t\t\t\t\t<\/div>\n\t\t\t\t<\/div>\n\t\t\t\t<div class=\"elementor-element elementor-element-4ff1ebb2 elementor-widget elementor-widget-heading\" data-id=\"4ff1ebb2\" data-element_type=\"widget\" data-e-type=\"widget\" data-widget_type=\"heading.default\">\n\t\t\t\t<div class=\"elementor-widget-container\">\n\t\t\t\t\t<h2 class=\"elementor-heading-title elementor-size-default\">Deshalb ist die Produktfamilie 4CONTROL applications die richtige Wahl f\u00fcr Sie!<\/h2>\t\t\t\t<\/div>\n\t\t\t\t<\/div>\n\t\t\t\t<div class=\"elementor-element elementor-element-10d34660 elementor-widget elementor-widget-text-editor\" data-id=\"10d34660\" data-element_type=\"widget\" data-e-type=\"widget\" data-widget_type=\"text-editor.default\">\n\t\t\t\t<div class=\"elementor-widget-container\">\n\t\t\t\t\t\t\t\t\t<ul><li><strong>Skalierbare Control-Systems:<\/strong><br \/>F\u00fcr vielf\u00e4ltige industrielle Anwendungen<\/li><li><strong>Hohe Flexibilit\u00e4t:<\/strong><br \/>Einfache individuelle Anpassungen und Erweiterungen m\u00f6glich<\/li><li><strong>Vorinstalliertes RT Linux:<br \/><\/strong>Individuell anpassbar an spezifische Anforderungen<\/li><\/ul><ul><li><strong>Kompakte Bauform:<\/strong><br \/>F\u00fcr einfache Integration in Schaltschr\u00e4nke und Anlagen<\/li><\/ul><div><ul><li><strong>Leistungsstark und energieeffizient:<\/strong><br \/>Optimal f\u00fcr industrielle Anwendungen und anspruchsvolle Prozesse<\/li><\/ul><\/div><div><ul><li><strong>Einfache Programmierbarkeit:<\/strong><br \/>Mit CODESYS V3.5.x, inklusive Target- und Web-Visualisierung<\/li><li><strong>Unterst\u00fctzung zahlreicher industrieller Ethernet-Protokolle:<br \/><\/strong>Wie zum Beispiel EtherNet\/IP, EtherCAT, PROFINET oder Powerlink<p><strong>Optionale kundenspezifische OEM-L\u00f6sungen:<br \/><\/strong>F\u00fcr individuelle Anforderungen<\/p><\/li><\/ul><\/div>\t\t\t\t\t\t\t\t<\/div>\n\t\t\t\t<\/div>\n\t\t\t\t<\/div>\n\t\t\t\t<\/div>\n\t\t\t\t\t<\/div>\n\t\t\t\t<\/div>\n\t\t<div class=\"elementor-element elementor-element-483186f e-flex e-con-boxed e-con e-parent\" data-id=\"483186f\" data-element_type=\"container\" data-e-type=\"container\">\n\t\t\t\t\t<div class=\"e-con-inner\">\n\t\t<div class=\"elementor-element elementor-element-0ba10d3 e-con-full e-flex e-con e-child\" data-id=\"0ba10d3\" data-element_type=\"container\" data-e-type=\"container\" data-settings=\"{&quot;background_background&quot;:&quot;classic&quot;}\">\n\t\t\t\t<div class=\"elementor-element elementor-element-0d7daf5 elementor-position-top elementor-widget elementor-widget-image-box\" data-id=\"0d7daf5\" data-element_type=\"widget\" data-e-type=\"widget\" data-widget_type=\"image-box.default\">\n\t\t\t\t<div class=\"elementor-widget-container\">\n\t\t\t\t\t<div class=\"elementor-image-box-wrapper\"><figure class=\"elementor-image-box-img\"><a href=\"https:\/\/www.4web-automation.de\/index.php\/control-systems\/control-panel-arm-cortex\/\" tabindex=\"-1\"><img decoding=\"async\" width=\"1208\" height=\"840\" src=\"https:\/\/www.4web-automation.de\/wp-content\/uploads\/Produktfamilie_Control_Panel.jpg\" class=\"attachment-full size-full wp-image-4582\" alt=\"\" srcset=\"https:\/\/www.4web-automation.de\/wp-content\/uploads\/Produktfamilie_Control_Panel.jpg 1208w, https:\/\/www.4web-automation.de\/wp-content\/uploads\/Produktfamilie_Control_Panel-300x209.jpg 300w, https:\/\/www.4web-automation.de\/wp-content\/uploads\/Produktfamilie_Control_Panel-1024x712.jpg 1024w, https:\/\/www.4web-automation.de\/wp-content\/uploads\/Produktfamilie_Control_Panel-768x534.jpg 768w\" sizes=\"(max-width: 1208px) 100vw, 1208px\" \/><\/a><\/figure><div class=\"elementor-image-box-content\"><h3 class=\"elementor-image-box-title\"><a href=\"https:\/\/www.4web-automation.de\/index.php\/control-systems\/control-panel-arm-cortex\/\">Control-Panels<\/a><\/h3><p class=\"elementor-image-box-description\">Displaygr\u00f6\u00dfe: 4,3\" bis 7\"  <br> Montageart: Einbau <br>Betriebssystem: RT Linux <br> Software: CODESYS, FLECS, SpiderControl  <br><\/p><\/div><\/div>\t\t\t\t<\/div>\n\t\t\t\t<\/div>\n\t\t\t\t<div class=\"elementor-element elementor-element-146192fb elementor-align-center elementor-widget elementor-widget-button\" data-id=\"146192fb\" data-element_type=\"widget\" data-e-type=\"widget\" data-widget_type=\"button.default\">\n\t\t\t\t<div class=\"elementor-widget-container\">\n\t\t\t\t\t\t\t\t\t<div class=\"elementor-button-wrapper\">\n\t\t\t\t\t<a class=\"elementor-button elementor-button-link elementor-size-sm\" href=\"https:\/\/www.4web-automation.de\/index.php\/control-systems\/control-panel-arm-cortex\/\">\n\t\t\t\t\t\t<span class=\"elementor-button-content-wrapper\">\n\t\t\t\t\t\t\t\t\t<span class=\"elementor-button-text\">Mehr dazu<\/span>\n\t\t\t\t\t<\/span>\n\t\t\t\t\t<\/a>\n\t\t\t\t<\/div>\n\t\t\t\t\t\t\t\t<\/div>\n\t\t\t\t<\/div>\n\t\t\t\t<\/div>\n\t\t<div class=\"elementor-element elementor-element-ba6fc02 e-con-full e-flex e-con e-child\" data-id=\"ba6fc02\" data-element_type=\"container\" data-e-type=\"container\" data-settings=\"{&quot;background_background&quot;:&quot;classic&quot;}\">\n\t\t\t\t<div class=\"elementor-element elementor-element-47fd324 elementor-position-top elementor-widget elementor-widget-image-box\" data-id=\"47fd324\" data-element_type=\"widget\" data-e-type=\"widget\" data-widget_type=\"image-box.default\">\n\t\t\t\t<div class=\"elementor-widget-container\">\n\t\t\t\t\t<div class=\"elementor-image-box-wrapper\"><figure class=\"elementor-image-box-img\"><a href=\"https:\/\/www.4web-automation.de\/index.php\/control-systems\/controlplc-arm-cortex\/\" tabindex=\"-1\"><img decoding=\"async\" width=\"1226\" height=\"846\" src=\"https:\/\/www.4web-automation.de\/wp-content\/uploads\/Produktfamilie-ControlPLC-1.jpg\" class=\"attachment-full size-full wp-image-5741\" alt=\"\" srcset=\"https:\/\/www.4web-automation.de\/wp-content\/uploads\/Produktfamilie-ControlPLC-1.jpg 1226w, https:\/\/www.4web-automation.de\/wp-content\/uploads\/Produktfamilie-ControlPLC-1-300x207.jpg 300w, https:\/\/www.4web-automation.de\/wp-content\/uploads\/Produktfamilie-ControlPLC-1-1024x707.jpg 1024w, https:\/\/www.4web-automation.de\/wp-content\/uploads\/Produktfamilie-ControlPLC-1-768x530.jpg 768w\" sizes=\"(max-width: 1226px) 100vw, 1226px\" \/><\/a><\/figure><div class=\"elementor-image-box-content\"><h3 class=\"elementor-image-box-title\"><a href=\"https:\/\/www.4web-automation.de\/index.php\/control-systems\/controlplc-arm-cortex\/\">ControlPLCs <\/a><\/h3><p class=\"elementor-image-box-description\">Variantenvielfalt: I\/O\u00b4s, Retain Variablen, etc. <br>Montageart: DIN-rail <br>Betriebssystem: RT Linux <br> Software: CODESYS \/ Web-Visu, FLECS, SpiderControl  <br><\/p><\/div><\/div>\t\t\t\t<\/div>\n\t\t\t\t<\/div>\n\t\t\t\t<div class=\"elementor-element elementor-element-8a3500e elementor-align-center elementor-widget elementor-widget-button\" data-id=\"8a3500e\" data-element_type=\"widget\" data-e-type=\"widget\" data-widget_type=\"button.default\">\n\t\t\t\t<div class=\"elementor-widget-container\">\n\t\t\t\t\t\t\t\t\t<div class=\"elementor-button-wrapper\">\n\t\t\t\t\t<a class=\"elementor-button elementor-button-link elementor-size-sm\" href=\"https:\/\/www.4web-automation.de\/index.php\/control-systems\/controlplc-arm-cortex\/\">\n\t\t\t\t\t\t<span class=\"elementor-button-content-wrapper\">\n\t\t\t\t\t\t\t\t\t<span class=\"elementor-button-text\">Mehr dazu<\/span>\n\t\t\t\t\t<\/span>\n\t\t\t\t\t<\/a>\n\t\t\t\t<\/div>\n\t\t\t\t\t\t\t\t<\/div>\n\t\t\t\t<\/div>\n\t\t\t\t<\/div>\n\t\t<div class=\"elementor-element elementor-element-dd070ee e-con-full e-flex e-con e-child\" data-id=\"dd070ee\" data-element_type=\"container\" data-e-type=\"container\" data-settings=\"{&quot;background_background&quot;:&quot;classic&quot;}\">\n\t\t\t\t<\/div>\n\t\t<div class=\"elementor-element elementor-element-bebda41 e-con-full e-flex e-con e-child\" data-id=\"bebda41\" data-element_type=\"container\" data-e-type=\"container\" data-settings=\"{&quot;background_background&quot;:&quot;classic&quot;}\">\n\t\t\t\t<\/div>\n\t\t\t\t\t<\/div>\n\t\t\t\t<\/div>\n\t\t<div class=\"elementor-element elementor-element-50737e2 e-flex e-con-boxed e-con e-parent\" data-id=\"50737e2\" data-element_type=\"container\" data-e-type=\"container\">\n\t\t\t\t\t<div class=\"e-con-inner\">\n\t\t\t\t<div class=\"elementor-element elementor-element-1931910 elementor-widget elementor-widget-heading\" data-id=\"1931910\" data-element_type=\"widget\" data-e-type=\"widget\" data-widget_type=\"heading.default\">\n\t\t\t\t<div class=\"elementor-widget-container\">\n\t\t\t\t\t<h2 class=\"elementor-heading-title elementor-size-default\">FAQs zu unseren Control-Systems<\/h2>\t\t\t\t<\/div>\n\t\t\t\t<\/div>\n\t\t\t\t<div class=\"elementor-element elementor-element-049a24d elementor-widget elementor-widget-eael-adv-accordion\" data-id=\"049a24d\" data-element_type=\"widget\" data-e-type=\"widget\" data-widget_type=\"eael-adv-accordion.default\">\n\t\t\t\t<div class=\"elementor-widget-container\">\n\t\t\t\t\t            <div class=\"eael-adv-accordion\" id=\"eael-adv-accordion-049a24d\" data-scroll-on-click=\"no\" data-scroll-speed=\"300\" data-accordion-id=\"049a24d\" data-accordion-type=\"toggle\" data-toogle-speed=\"300\">\n            <div class=\"eael-accordion-list\">\n\t\t\t\t\t<div id=\"1-welche-gerte-beinhaltet-die-control-systems-produktfamilie\" class=\"elementor-tab-title eael-accordion-header\" tabindex=\"0\" data-tab=\"1\" aria-controls=\"elementor-tab-content-4821\"><span class=\"eael-advanced-accordion-icon-closed\"><i aria-hidden=\"true\" class=\"fa-accordion-icon fas fa-plus\"><\/i><\/span><span class=\"eael-advanced-accordion-icon-opened\"><i aria-hidden=\"true\" class=\"fa-accordion-icon fas fa-minus\"><\/i><\/span><span class=\"eael-accordion-tab-title\">1.\tWelche Ger\u00e4te beinhaltet die Control-Systems Produktfamilie?<\/span><\/div><div id=\"elementor-tab-content-4821\" class=\"eael-accordion-content clearfix\" data-tab=\"1\" aria-labelledby=\"1-welche-gerte-beinhaltet-die-control-systems-produktfamilie\"><p>Es stehen Control-Panels und ControlPLCs in verschiedenen Varianten zur Auswahl bereit.\u00a0<\/p><\/div>\n\t\t\t\t\t<\/div><div class=\"eael-accordion-list\">\n\t\t\t\t\t<div id=\"2-welches-betriebssystem-ist-verfgbar\" class=\"elementor-tab-title eael-accordion-header\" tabindex=\"0\" data-tab=\"2\" aria-controls=\"elementor-tab-content-4822\"><span class=\"eael-advanced-accordion-icon-closed\"><i aria-hidden=\"true\" class=\"fa-accordion-icon fas fa-plus\"><\/i><\/span><span class=\"eael-advanced-accordion-icon-opened\"><i aria-hidden=\"true\" class=\"fa-accordion-icon fas fa-minus\"><\/i><\/span><span class=\"eael-accordion-tab-title\">2. Welches Betriebssystem ist verf\u00fcgbar?<\/span><\/div><div id=\"elementor-tab-content-4822\" class=\"eael-accordion-content clearfix\" data-tab=\"2\" aria-labelledby=\"2-welches-betriebssystem-ist-verfgbar\"><p>Die Produktfamilie besitzt serienm\u00e4\u00dfig das Betriebssystem RT Linux.\u00a0<\/p><\/div>\n\t\t\t\t\t<\/div><div class=\"eael-accordion-list\">\n\t\t\t\t\t<div id=\"3-welche-visualisierungssoftware-ist-kompatibel\" class=\"elementor-tab-title eael-accordion-header\" tabindex=\"0\" data-tab=\"3\" aria-controls=\"elementor-tab-content-4823\"><span class=\"eael-advanced-accordion-icon-closed\"><i aria-hidden=\"true\" class=\"fa-accordion-icon fas fa-plus\"><\/i><\/span><span class=\"eael-advanced-accordion-icon-opened\"><i aria-hidden=\"true\" class=\"fa-accordion-icon fas fa-minus\"><\/i><\/span><span class=\"eael-accordion-tab-title\">3. Welche Visualisierungssoftware ist kompatibel?<\/span><\/div><div id=\"elementor-tab-content-4823\" class=\"eael-accordion-content clearfix\" data-tab=\"3\" aria-labelledby=\"3-welche-visualisierungssoftware-ist-kompatibel\"><p>Unter anderem sind CODESYS oder SpiderControl m\u00f6glich.<\/p><\/div>\n\t\t\t\t\t<\/div><div class=\"eael-accordion-list\">\n\t\t\t\t\t<div id=\"4-wie-reinigt-und-pflegt-man-ein-control-panel\" class=\"elementor-tab-title eael-accordion-header\" tabindex=\"0\" data-tab=\"4\" aria-controls=\"elementor-tab-content-4824\"><span class=\"eael-advanced-accordion-icon-closed\"><i aria-hidden=\"true\" class=\"fa-accordion-icon fas fa-plus\"><\/i><\/span><span class=\"eael-advanced-accordion-icon-opened\"><i aria-hidden=\"true\" class=\"fa-accordion-icon fas fa-minus\"><\/i><\/span><span class=\"eael-accordion-tab-title\">4.\tWie reinigt und pflegt man ein Control-Panel?<\/span><\/div><div id=\"elementor-tab-content-4824\" class=\"eael-accordion-content clearfix\" data-tab=\"4\" aria-labelledby=\"4-wie-reinigt-und-pflegt-man-ein-control-panel\"><p>Zur Reinigung des Touchscreens empfehlen wir ein weiches, fusselfreies Tuch, das leicht mit Wasser oder einer speziell f\u00fcr Bildschirm geeigneten Reinigungsl\u00f6sung angefeuchtet ist. Bitte verzichten Sie auf aggressive Chemikalien oder scheuernde Mittel.<\/p><\/div>\n\t\t\t\t\t<\/div><\/div>\t\t\t\t<\/div>\n\t\t\t\t<\/div>\n\t\t\t\t\t<\/div>\n\t\t\t\t<\/div>\n\t\t<div class=\"elementor-element elementor-element-3fdc6f54 e-flex e-con-boxed e-con e-parent\" data-id=\"3fdc6f54\" data-element_type=\"container\" data-e-type=\"container\" data-settings=\"{&quot;background_background&quot;:&quot;classic&quot;}\">\n\t\t\t\t\t<div class=\"e-con-inner\">\n\t\t<div class=\"elementor-element elementor-element-5937db31 e-con-full e-flex e-con e-child\" data-id=\"5937db31\" data-element_type=\"container\" data-e-type=\"container\">\n\t\t\t\t<div class=\"elementor-element elementor-element-5b8c1bfc elementor-widget elementor-widget-heading\" data-id=\"5b8c1bfc\" data-element_type=\"widget\" data-e-type=\"widget\" data-widget_type=\"heading.default\">\n\t\t\t\t<div class=\"elementor-widget-container\">\n\t\t\t\t\t<h2 class=\"elementor-heading-title elementor-size-default\">Sprechen Sie mit uns \u00fcber Ihre Ideen!<\/h2>\t\t\t\t<\/div>\n\t\t\t\t<\/div>\n\t\t\t\t<div class=\"elementor-element elementor-element-1880838a elementor-widget__width-initial elementor-widget elementor-widget-text-editor\" data-id=\"1880838a\" data-element_type=\"widget\" data-e-type=\"widget\" data-widget_type=\"text-editor.default\">\n\t\t\t\t<div class=\"elementor-widget-container\">\n\t\t\t\t\t\t\t\t\t<p>Ihre individuellen Anforderungen sind bei uns in den besten H\u00e4nden \u2013 gemeinsam finden wir die optimale L\u00f6sung. Wir freuen uns auf Ihre Kontaktaufnahme!<\/p>\t\t\t\t\t\t\t\t<\/div>\n\t\t\t\t<\/div>\n\t\t\t\t<div class=\"elementor-element elementor-element-3d9c446c elementor-widget elementor-widget-button\" data-id=\"3d9c446c\" data-element_type=\"widget\" data-e-type=\"widget\" data-widget_type=\"button.default\">\n\t\t\t\t<div class=\"elementor-widget-container\">\n\t\t\t\t\t\t\t\t\t<div class=\"elementor-button-wrapper\">\n\t\t\t\t\t<a class=\"elementor-button elementor-button-link elementor-size-sm\" href=\"mailto:info@4web-automation.de\">\n\t\t\t\t\t\t<span class=\"elementor-button-content-wrapper\">\n\t\t\t\t\t\t\t\t\t<span class=\"elementor-button-text\">Jetzt Kontakt aufnehmen!<\/span>\n\t\t\t\t\t<\/span>\n\t\t\t\t\t<\/a>\n\t\t\t\t<\/div>\n\t\t\t\t\t\t\t\t<\/div>\n\t\t\t\t<\/div>\n\t\t\t\t<\/div>\n\t\t\t\t\t<\/div>\n\t\t\t\t<\/div>\n\t\t\t\t<\/div>\n\t\t","protected":false},"excerpt":{"rendered":"<p>Wie anpassungsf\u00e4hig ist das denn! Mit der Produktfamilie\u00a04CONTROL applications\u00a0bietet 4WEB skalierbare und zuverl\u00e4ssige Control-Systeme in Industriequalit\u00e4t, die durch hohe Flexibilit\u00e4t \u00fcberzeugen.\u00a0Die Serie umfasst leistungsstarke Control-Panels und ControlPLCs, die besonders durch ihre vielseitige Konfigurierbarkeit \u00fcberzeugen und sich f\u00fcr den Einsatz in &hellip; <a class=\"kt-excerpt-readmore\" href=\"https:\/\/www.4web-automation.de\/index.php\/control-systems\/\" aria-label=\"Control-Systems\">Weiterlesen<\/a><\/p>\n","protected":false},"author":2,"featured_media":0,"parent":0,"menu_order":0,"comment_status":"closed","ping_status":"closed","template":"elementor_header_footer","meta":{"footnotes":""},"class_list":["post-4362","page","type-page","status-publish","hentry"],"_links":{"self":[{"href":"https:\/\/www.4web-automation.de\/index.php\/wp-json\/wp\/v2\/pages\/4362","targetHints":{"allow":["GET"]}}],"collection":[{"href":"https:\/\/www.4web-automation.de\/index.php\/wp-json\/wp\/v2\/pages"}],"about":[{"href":"https:\/\/www.4web-automation.de\/index.php\/wp-json\/wp\/v2\/types\/page"}],"author":[{"embeddable":true,"href":"https:\/\/www.4web-automation.de\/index.php\/wp-json\/wp\/v2\/users\/2"}],"replies":[{"embeddable":true,"href":"https:\/\/www.4web-automation.de\/index.php\/wp-json\/wp\/v2\/comments?post=4362"}],"version-history":[{"count":0,"href":"https:\/\/www.4web-automation.de\/index.php\/wp-json\/wp\/v2\/pages\/4362\/revisions"}],"wp:attachment":[{"href":"https:\/\/www.4web-automation.de\/index.php\/wp-json\/wp\/v2\/media?parent=4362"}],"curies":[{"name":"wp","href":"https:\/\/api.w.org\/{rel}","templated":true}]}}